{"id":863,"date":"2020-05-12T16:31:51","date_gmt":"2020-05-12T14:31:51","guid":{"rendered":"https:\/\/lavagedelamadeleine.com\/origem\/"},"modified":"2023-03-28T04:48:47","modified_gmt":"2023-03-28T02:48:47","slug":"origem","status":"publish","type":"page","link":"https:\/\/lavagedelamadeleine.com\/pt-br\/origem\/","title":{"rendered":"Origens"},"content":{"rendered":"<p><div class=\"fusion-fullwidth fullwidth-box fusion-builder-row-1 fusion-flex-container fusion-parallax-none bloc-image-top hundred-percent-fullwidth non-hundred-percent-height-scrolling\" style=\"--awb-border-radius-top-left:0px;--awb-border-radius-top-right:0px;--awb-border-radius-bottom-right:0px;--awb-border-radius-bottom-left:0px;--awb-padding-top:185px;--awb-padding-bottom:45px;--awb-margin-bottom:0px;--awb-background-image:url(&quot;https:\/\/lavagedelamadeleine.com\/wp-content\/uploads\/2022\/05\/above-view-of-eiffel-tower-and-la-defence-in-paris-2021-08-26-23-03-28-utc-1-scaled.jpg&quot;);--awb-background-size:cover;--awb-flex-wrap:wrap;\" ><div class=\"fusion-builder-row fusion-row fusion-flex-align-items-flex-start fusion-flex-content-wrap\" style=\"width:104% !important;max-width:104% !important;margin-left: calc(-4% \/ 2 );margin-right: calc(-4% \/ 2 );\"><div class=\"fusion-layout-column fusion_builder_column fusion-builder-column-0 fusion_builder_column_1_1 1_1 fusion-flex-column\" style=\"--awb-bg-size:cover;--awb-width-large:100%;--awb-margin-top-large:0px;--awb-spacing-right-large:1.92%;--awb-margin-bottom-large:20px;--awb-spacing-left-large:1.92%;--awb-width-medium:100%;--awb-order-medium:0;--awb-spacing-right-medium:1.92%;--awb-spacing-left-medium:1.92%;--awb-width-small:100%;--awb-order-small:0;--awb-spacing-right-small:1.92%;--awb-spacing-left-small:1.92%;\"><div class=\"fusion-column-wrapper fusion-column-has-shadow fusion-flex-justify-content-flex-start fusion-content-layout-column\"><div class=\"fusion-title title fusion-title-1 fusion-sep-none fusion-title-center fusion-title-text fusion-title-size-one titre-page\" style=\"--awb-text-color:#ffffff;\"><h1 class=\"fusion-title-heading title-heading-center\" style=\"margin:0;text-transform:uppercase;\">Origens<\/h1><\/div><\/div><\/div><\/div><\/div>\n<div class=\"fusion-fullwidth fullwidth-box fusion-builder-row-2 nonhundred-percent-fullwidth non-hundred-percent-height-scrolling\" style=\"--awb-border-radius-top-left:0px;--awb-border-radius-top-right:0px;--awb-border-radius-bottom-right:0px;--awb-border-radius-bottom-left:0px;--awb-padding-top:60px;--awb-flex-wrap:wrap;\" ><div class=\"fusion-builder-row fusion-row\"><div class=\"fusion-layout-column fusion_builder_column fusion-builder-column-1 fusion_builder_column_1_2 1_2 fusion-one-half fusion-column-first\" style=\"--awb-bg-size:cover;width:50%;width:calc(50% - ( ( 4% ) * 0.5 ) );margin-right: 4%;\"><div class=\"fusion-column-wrapper fusion-column-has-shadow fusion-flex-column-wrapper-legacy\"><div class=\"fusion-title title fusion-title-2 fusion-sep-none fusion-title-text fusion-title-size-three\"><h3 class=\"fusion-title-heading title-heading-left\" style=\"margin:0;\">A origem do Festival<\/h3><\/div><div class=\"fusion-text fusion-text-1\"><p>O Festival du <em><strong>Lavage de Madeleine<\/strong><\/em> nasceu na capital francesa em junho de 2002, criado pelo artista brasileiro <em><strong>Robertinho Chaves<\/strong><\/em>. Natural da Bahia, est\u00e1 na linha de seus ilustres compatriotas Gilberto Gil, Caetano Veloso e Jo\u00e3o Gilberto.<\/p>\n<p>O evento assume a forma de um Festival Cultural, com uma programa\u00e7\u00e3o diversificada, em torno da cultura, do turismo e da gastronomia brasileira.<\/p>\n<p>O festival est\u00e1 registrado no calend\u00e1rio oficial da cidade de Paris. \u00c9 uma data muito aguardada, que enche as ruas da capital durante um fim de semana, atraindo mais de 30.000 participantes franceses, brasileiros e turistas em cada edi\u00e7\u00e3o.<\/p>\n<p>Grandes nomes j\u00e1 marcaram com presen\u00e7a, como Gilberto Gil, Caetano Veloso, Carlinhos Brown, Daniela Mercury&#8230;<\/p>\n<p>Um evento muito popular em Salvador da Bahia, a <em><strong>&#8220;Lavagem do Bonfim&#8221;<\/strong><\/em>, \u00e9 um desfile dan\u00e7ante que termina com a lavagem simb\u00f3lica dos degraus da igreja do Bonfim.<\/p>\n<p>A \u201c<em><strong>LAVAGE DE LA MADELEINE\u201d<\/strong><\/em> reproduz em Paris essa tradi\u00e7\u00e3o centen\u00e1ria da cultura afro-brasileira O desfile, que vai da Place de la R\u00e9publique \u00e0 Place de la Madeleine, apresenta m\u00fasica brasileira e grupos de dan\u00e7a como samba, maracatu e capoeira. Popular h\u00e1 mais de 21 anos na capital francesa, promove a diversidade cultural, a toler\u00e2ncia e a paz.<\/p>\n<\/div><div class=\"fusion-clearfix\"><\/div><\/div><\/div><div class=\"fusion-layout-column fusion_builder_column fusion-builder-column-2 fusion_builder_column_1_2 1_2 fusion-one-half fusion-column-last\" style=\"--awb-bg-size:cover;width:50%;width:calc(50% - ( ( 4% ) * 0.5 ) );\"><div class=\"fusion-column-wrapper fusion-column-has-shadow fusion-flex-column-wrapper-legacy\"><div class=\"fusion-image-element in-legacy-container\" style=\"--awb-caption-title-font-family:var(--h2_typography-font-family);--awb-caption-title-font-weight:var(--h2_typography-font-weight);--awb-caption-title-font-style:var(--h2_typography-font-style);--awb-caption-title-size:var(--h2_typography-font-size);--awb-caption-title-transform:var(--h2_typography-text-transform);--awb-caption-title-line-height:var(--h2_typography-line-height);--awb-caption-title-letter-spacing:var(--h2_typography-letter-spacing);\"><span class=\" fusion-imageframe imageframe-none imageframe-1 hover-type-none\"><img decoding=\"async\" width=\"1024\" height=\"683\" title=\"20170910-copyrightBrazilians-Without-Borders76Q7A9739-1024&#215;683\" src=\"https:\/\/lavagedelamadeleine.com\/wp-content\/uploads\/2020\/05\/20170910-copyrightBrazilians-Without-Borders76Q7A9739-1024x683-1.jpg\" alt class=\"img-responsive wp-image-311\" srcset=\"https:\/\/lavagedelamadeleine.com\/wp-content\/uploads\/2020\/05\/20170910-copyrightBrazilians-Without-Borders76Q7A9739-1024x683-1-200x133.jpg 200w, https:\/\/lavagedelamadeleine.com\/wp-content\/uploads\/2020\/05\/20170910-copyrightBrazilians-Without-Borders76Q7A9739-1024x683-1-400x267.jpg 400w, https:\/\/lavagedelamadeleine.com\/wp-content\/uploads\/2020\/05\/20170910-copyrightBrazilians-Without-Borders76Q7A9739-1024x683-1-600x400.jpg 600w, https:\/\/lavagedelamadeleine.com\/wp-content\/uploads\/2020\/05\/20170910-copyrightBrazilians-Without-Borders76Q7A9739-1024x683-1-800x534.jpg 800w, https:\/\/lavagedelamadeleine.com\/wp-content\/uploads\/2020\/05\/20170910-copyrightBrazilians-Without-Borders76Q7A9739-1024x683-1.jpg 1024w\" sizes=\"(max-width: 800px) 100vw, 800px\" \/><\/span><\/div><div class=\"fusion-clearfix\"><\/div><\/div><\/div><\/div><\/div><div class=\"fusion-fullwidth fullwidth-box fusion-builder-row-3 fusion-flex-container nonhundred-percent-fullwidth non-hundred-percent-height-scrolling\" style=\"--awb-border-radius-top-left:0px;--awb-border-radius-top-right:0px;--awb-border-radius-bottom-right:0px;--awb-border-radius-bottom-left:0px;--awb-flex-wrap:wrap;\" ><div class=\"fusion-builder-row fusion-row fusion-flex-align-items-flex-start fusion-flex-content-wrap\" style=\"max-width:1456px;margin-left: calc(-4% \/ 2 );margin-right: calc(-4% \/ 2 );\"><\/div><\/div><\/p>\n","protected":false},"excerpt":{"rendered":"","protected":false},"author":2,"featured_media":0,"parent":0,"menu_order":0,"comment_status":"closed","ping_status":"closed","template":"100-width.php","meta":{"inline_featured_image":false,"footnotes":""},"class_list":["post-863","page","type-page","status-publish","hentry"],"yoast_head":"<!-- This site is optimized with the Yoast SEO plugin v27.5 - https:\/\/yoast.com\/product\/yoast-seo-wordpress\/ -->\n<title>Origens - Festival du lavage de la Madeleine<\/title>\n<meta name=\"robots\" content=\"index, follow, max-snippet:-1, max-image-preview:large, max-video-preview:-1\" \/>\n<link rel=\"canonical\" href=\"https:\/\/lavagedelamadeleine.com\/pt-br\/origem\/\" \/>\n<meta property=\"og:locale\" content=\"pt_BR\" \/>\n<meta property=\"og:type\" content=\"article\" \/>\n<meta property=\"og:title\" content=\"Origens - Festival du lavage de la Madeleine\" \/>\n<meta property=\"og:url\" content=\"https:\/\/lavagedelamadeleine.com\/pt-br\/origem\/\" \/>\n<meta property=\"og:site_name\" content=\"Festival du lavage de la Madeleine\" \/>\n<meta property=\"article:publisher\" content=\"https:\/\/www.facebook.com\/LavageDeLaMadeleine\" \/>\n<meta property=\"article:modified_time\" content=\"2023-03-28T02:48:47+00:00\" \/>\n<meta name=\"twitter:card\" content=\"summary_large_image\" \/>\n<meta name=\"twitter:label1\" content=\"Est. tempo de leitura\" \/>\n\t<meta name=\"twitter:data1\" content=\"6 minutos\" \/>\n<script type=\"application\/ld+json\" class=\"yoast-schema-graph\">{\"@context\":\"https:\\\/\\\/schema.org\",\"@graph\":[{\"@type\":\"WebPage\",\"@id\":\"https:\\\/\\\/lavagedelamadeleine.com\\\/pt-br\\\/origem\\\/\",\"url\":\"https:\\\/\\\/lavagedelamadeleine.com\\\/pt-br\\\/origem\\\/\",\"name\":\"Origens - Festival du lavage de la Madeleine\",\"isPartOf\":{\"@id\":\"https:\\\/\\\/lavagedelamadeleine.com\\\/pt-br\\\/#website\"},\"datePublished\":\"2020-05-12T14:31:51+00:00\",\"dateModified\":\"2023-03-28T02:48:47+00:00\",\"breadcrumb\":{\"@id\":\"https:\\\/\\\/lavagedelamadeleine.com\\\/pt-br\\\/origem\\\/#breadcrumb\"},\"inLanguage\":\"pt-BR\",\"potentialAction\":[{\"@type\":\"ReadAction\",\"target\":[\"https:\\\/\\\/lavagedelamadeleine.com\\\/pt-br\\\/origem\\\/\"]}]},{\"@type\":\"BreadcrumbList\",\"@id\":\"https:\\\/\\\/lavagedelamadeleine.com\\\/pt-br\\\/origem\\\/#breadcrumb\",\"itemListElement\":[{\"@type\":\"ListItem\",\"position\":1,\"name\":\"Accueil\",\"item\":\"https:\\\/\\\/lavagedelamadeleine.com\\\/pt-br\\\/accueil\\\/\"},{\"@type\":\"ListItem\",\"position\":2,\"name\":\"Origens\"}]},{\"@type\":\"WebSite\",\"@id\":\"https:\\\/\\\/lavagedelamadeleine.com\\\/pt-br\\\/#website\",\"url\":\"https:\\\/\\\/lavagedelamadeleine.com\\\/pt-br\\\/\",\"name\":\"Festival du lavage de la Madeleine\",\"description\":\"Un site utilisant WordPress\",\"publisher\":{\"@id\":\"https:\\\/\\\/lavagedelamadeleine.com\\\/pt-br\\\/#organization\"},\"potentialAction\":[{\"@type\":\"SearchAction\",\"target\":{\"@type\":\"EntryPoint\",\"urlTemplate\":\"https:\\\/\\\/lavagedelamadeleine.com\\\/pt-br\\\/?s={search_term_string}\"},\"query-input\":{\"@type\":\"PropertyValueSpecification\",\"valueRequired\":true,\"valueName\":\"search_term_string\"}}],\"inLanguage\":\"pt-BR\"},{\"@type\":\"Organization\",\"@id\":\"https:\\\/\\\/lavagedelamadeleine.com\\\/pt-br\\\/#organization\",\"name\":\"FESTIVAL DU LAVAGE DE LA MADELEINE\",\"url\":\"https:\\\/\\\/lavagedelamadeleine.com\\\/pt-br\\\/\",\"logo\":{\"@type\":\"ImageObject\",\"inLanguage\":\"pt-BR\",\"@id\":\"https:\\\/\\\/lavagedelamadeleine.com\\\/pt-br\\\/#\\\/schema\\\/logo\\\/image\\\/\",\"url\":\"https:\\\/\\\/lavagedelamadeleine.com\\\/wp-content\\\/uploads\\\/2022\\\/06\\\/logo-festival-madeleine.jpg\",\"contentUrl\":\"https:\\\/\\\/lavagedelamadeleine.com\\\/wp-content\\\/uploads\\\/2022\\\/06\\\/logo-festival-madeleine.jpg\",\"width\":400,\"height\":300,\"caption\":\"FESTIVAL DU LAVAGE DE LA MADELEINE\"},\"image\":{\"@id\":\"https:\\\/\\\/lavagedelamadeleine.com\\\/pt-br\\\/#\\\/schema\\\/logo\\\/image\\\/\"},\"sameAs\":[\"https:\\\/\\\/www.facebook.com\\\/LavageDeLaMadeleine\",\"https:\\\/\\\/www.instagram.com\\\/lavagedelamadeleine\\\/\"]}]}<\/script>\n<!-- \/ Yoast SEO plugin. -->","yoast_head_json":{"title":"Origens - Festival du lavage de la Madeleine","robots":{"index":"index","follow":"follow","max-snippet":"max-snippet:-1","max-image-preview":"max-image-preview:large","max-video-preview":"max-video-preview:-1"},"canonical":"https:\/\/lavagedelamadeleine.com\/pt-br\/origem\/","og_locale":"pt_BR","og_type":"article","og_title":"Origens - Festival du lavage de la Madeleine","og_url":"https:\/\/lavagedelamadeleine.com\/pt-br\/origem\/","og_site_name":"Festival du lavage de la Madeleine","article_publisher":"https:\/\/www.facebook.com\/LavageDeLaMadeleine","article_modified_time":"2023-03-28T02:48:47+00:00","twitter_card":"summary_large_image","twitter_misc":{"Est. tempo de leitura":"6 minutos"},"schema":{"@context":"https:\/\/schema.org","@graph":[{"@type":"WebPage","@id":"https:\/\/lavagedelamadeleine.com\/pt-br\/origem\/","url":"https:\/\/lavagedelamadeleine.com\/pt-br\/origem\/","name":"Origens - Festival du lavage de la Madeleine","isPartOf":{"@id":"https:\/\/lavagedelamadeleine.com\/pt-br\/#website"},"datePublished":"2020-05-12T14:31:51+00:00","dateModified":"2023-03-28T02:48:47+00:00","breadcrumb":{"@id":"https:\/\/lavagedelamadeleine.com\/pt-br\/origem\/#breadcrumb"},"inLanguage":"pt-BR","potentialAction":[{"@type":"ReadAction","target":["https:\/\/lavagedelamadeleine.com\/pt-br\/origem\/"]}]},{"@type":"BreadcrumbList","@id":"https:\/\/lavagedelamadeleine.com\/pt-br\/origem\/#breadcrumb","itemListElement":[{"@type":"ListItem","position":1,"name":"Accueil","item":"https:\/\/lavagedelamadeleine.com\/pt-br\/accueil\/"},{"@type":"ListItem","position":2,"name":"Origens"}]},{"@type":"WebSite","@id":"https:\/\/lavagedelamadeleine.com\/pt-br\/#website","url":"https:\/\/lavagedelamadeleine.com\/pt-br\/","name":"Festival du lavage de la Madeleine","description":"Un site utilisant WordPress","publisher":{"@id":"https:\/\/lavagedelamadeleine.com\/pt-br\/#organization"},"potentialAction":[{"@type":"SearchAction","target":{"@type":"EntryPoint","urlTemplate":"https:\/\/lavagedelamadeleine.com\/pt-br\/?s={search_term_string}"},"query-input":{"@type":"PropertyValueSpecification","valueRequired":true,"valueName":"search_term_string"}}],"inLanguage":"pt-BR"},{"@type":"Organization","@id":"https:\/\/lavagedelamadeleine.com\/pt-br\/#organization","name":"FESTIVAL DU LAVAGE DE LA MADELEINE","url":"https:\/\/lavagedelamadeleine.com\/pt-br\/","logo":{"@type":"ImageObject","inLanguage":"pt-BR","@id":"https:\/\/lavagedelamadeleine.com\/pt-br\/#\/schema\/logo\/image\/","url":"https:\/\/lavagedelamadeleine.com\/wp-content\/uploads\/2022\/06\/logo-festival-madeleine.jpg","contentUrl":"https:\/\/lavagedelamadeleine.com\/wp-content\/uploads\/2022\/06\/logo-festival-madeleine.jpg","width":400,"height":300,"caption":"FESTIVAL DU LAVAGE DE LA MADELEINE"},"image":{"@id":"https:\/\/lavagedelamadeleine.com\/pt-br\/#\/schema\/logo\/image\/"},"sameAs":["https:\/\/www.facebook.com\/LavageDeLaMadeleine","https:\/\/www.instagram.com\/lavagedelamadeleine\/"]}]}},"_links":{"self":[{"href":"https:\/\/lavagedelamadeleine.com\/pt-br\/wp-json\/wp\/v2\/pages\/863","targetHints":{"allow":["GET"]}}],"collection":[{"href":"https:\/\/lavagedelamadeleine.com\/pt-br\/wp-json\/wp\/v2\/pages"}],"about":[{"href":"https:\/\/lavagedelamadeleine.com\/pt-br\/wp-json\/wp\/v2\/types\/page"}],"author":[{"embeddable":true,"href":"https:\/\/lavagedelamadeleine.com\/pt-br\/wp-json\/wp\/v2\/users\/2"}],"replies":[{"embeddable":true,"href":"https:\/\/lavagedelamadeleine.com\/pt-br\/wp-json\/wp\/v2\/comments?post=863"}],"version-history":[{"count":0,"href":"https:\/\/lavagedelamadeleine.com\/pt-br\/wp-json\/wp\/v2\/pages\/863\/revisions"}],"wp:attachment":[{"href":"https:\/\/lavagedelamadeleine.com\/pt-br\/wp-json\/wp\/v2\/media?parent=863"}],"curies":[{"name":"wp","href":"https:\/\/api.w.org\/{rel}","templated":true}]}}