{"id":849,"date":"2020-05-12T14:59:35","date_gmt":"2020-05-12T12:59:35","guid":{"rendered":"https:\/\/lavagedelamadeleine.com\/noticia\/"},"modified":"2022-06-09T12:01:17","modified_gmt":"2022-06-09T10:01:17","slug":"noticia","status":"publish","type":"page","link":"https:\/\/lavagedelamadeleine.com\/pt-br\/noticia\/","title":{"rendered":"Not\u00edcia"},"content":{"rendered":"<p><div class=\"fusion-fullwidth fullwidth-box fusion-builder-row-1 fusion-flex-container fusion-parallax-none bloc-image-top hundred-percent-fullwidth non-hundred-percent-height-scrolling\" style=\"--awb-border-radius-top-left:0px;--awb-border-radius-top-right:0px;--awb-border-radius-bottom-right:0px;--awb-border-radius-bottom-left:0px;--awb-padding-top:185px;--awb-padding-bottom:45px;--awb-margin-bottom:0px;--awb-background-image:url(&quot;https:\/\/lavagedelamadeleine.com\/wp-content\/uploads\/2022\/05\/above-view-of-eiffel-tower-and-la-defence-in-paris-2021-08-26-23-03-28-utc-1-scaled.jpg&quot;);--awb-background-size:cover;--awb-flex-wrap:wrap;\" ><div class=\"fusion-builder-row fusion-row fusion-flex-align-items-flex-start fusion-flex-content-wrap\" style=\"width:104% !important;max-width:104% !important;margin-left: calc(-4% \/ 2 );margin-right: calc(-4% \/ 2 );\"><div class=\"fusion-layout-column fusion_builder_column fusion-builder-column-0 fusion_builder_column_1_1 1_1 fusion-flex-column\" style=\"--awb-bg-size:cover;--awb-width-large:100%;--awb-margin-top-large:0px;--awb-spacing-right-large:1.92%;--awb-margin-bottom-large:20px;--awb-spacing-left-large:1.92%;--awb-width-medium:100%;--awb-order-medium:0;--awb-spacing-right-medium:1.92%;--awb-spacing-left-medium:1.92%;--awb-width-small:100%;--awb-order-small:0;--awb-spacing-right-small:1.92%;--awb-spacing-left-small:1.92%;\"><div class=\"fusion-column-wrapper fusion-column-has-shadow fusion-flex-justify-content-flex-start fusion-content-layout-column\"><div class=\"fusion-title title fusion-title-1 fusion-sep-none fusion-title-center fusion-title-text fusion-title-size-one titre-page\" style=\"--awb-text-color:#ffffff;\"><h1 class=\"fusion-title-heading title-heading-center\" style=\"margin:0;text-transform:uppercase;\">Not\u00edcia<\/h1><\/div><\/div><\/div><\/div><\/div>\n<div class=\"fusion-fullwidth fullwidth-box fusion-builder-row-2 fusion-flex-container container-actus nonhundred-percent-fullwidth non-hundred-percent-height-scrolling\" style=\"--awb-border-radius-top-left:0px;--awb-border-radius-top-right:0px;--awb-border-radius-bottom-right:0px;--awb-border-radius-bottom-left:0px;--awb-padding-top:100px;--awb-padding-bottom:60px;--awb-background-image:linear-gradient(180deg, #143364 0%,#2695cf 100%);--awb-flex-wrap:wrap;\" ><div class=\"fusion-builder-row fusion-row fusion-flex-align-items-flex-start fusion-flex-content-wrap\" style=\"max-width:1456px;margin-left: calc(-4% \/ 2 );margin-right: calc(-4% \/ 2 );\"><div class=\"fusion-layout-column fusion_builder_column fusion-builder-column-1 fusion_builder_column_1_1 1_1 fusion-flex-column\" style=\"--awb-bg-size:cover;--awb-width-large:100%;--awb-margin-top-large:0px;--awb-spacing-right-large:1.92%;--awb-margin-bottom-large:20px;--awb-spacing-left-large:1.92%;--awb-width-medium:100%;--awb-spacing-right-medium:1.92%;--awb-spacing-left-medium:1.92%;--awb-width-small:100%;--awb-spacing-right-small:1.92%;--awb-spacing-left-small:1.92%;\"><div class=\"fusion-column-wrapper fusion-column-has-shadow fusion-flex-justify-content-flex-start fusion-content-layout-column\"><div class=\"fusion-blog-shortcode fusion-blog-shortcode-1 fusion-blog-archive fusion-blog-layout-grid-wrapper fusion-blog-no blocblog\"><style type=\"text\/css\">.fusion-blog-shortcode-1 .fusion-blog-layout-grid .fusion-post-grid{padding:20px;}.fusion-blog-shortcode-1 .fusion-posts-container{margin-left: -20px !important; margin-right:-20px !important;}<\/style><div class=\"fusion-posts-container fusion-posts-container-no fusion-blog-rollover fusion-blog-layout-grid fusion-blog-layout-grid-3 isotope fusion-blog-equal-heights\" data-pages=\"0\" data-grid-col-space=\"40\" style=\"margin: -20px -20px 0;min-height:500px;\"><article id=\"blog-1-post-1532\" class=\"fusion-post-grid post-1532 post type-post status-publish format-standard has-post-thumbnail hentry category-actualite-pt-br\">\n<div class=\"fusion-post-wrapper\" style=\"background-color:rgba(255,255,255,1);border:1px solid rgba(205,183,136,0.49);border-bottom-width:3px;\">\n\n\t\t\t<div class=\"fusion-flexslider flexslider fusion-flexslider-loading fusion-post-slideshow\" style=\"border-color:rgba(205,183,136,0.49);\">\n\t\t<ul class=\"slides\">\n\t\t\t\n\t\t\t\t\t\t\t\t\t\t\t\t\t\t<li><div  class=\"fusion-image-wrapper\" aria-haspopup=\"true\">\n\t\t\t\t<img decoding=\"async\" width=\"685\" height=\"685\" src=\"https:\/\/lavagedelamadeleine.com\/wp-content\/uploads\/2020\/05\/DSC01157.jpg\" class=\"attachment-full size-full wp-post-image\" alt=\"\" srcset=\"https:\/\/lavagedelamadeleine.com\/wp-content\/uploads\/2020\/05\/DSC01157-200x200.jpg 200w, https:\/\/lavagedelamadeleine.com\/wp-content\/uploads\/2020\/05\/DSC01157-400x400.jpg 400w, https:\/\/lavagedelamadeleine.com\/wp-content\/uploads\/2020\/05\/DSC01157-600x600.jpg 600w, https:\/\/lavagedelamadeleine.com\/wp-content\/uploads\/2020\/05\/DSC01157.jpg 685w\" sizes=\"(min-width: 2200px) 100vw, (min-width: 784px) 440px, (min-width: 712px) 660px, (min-width: 640px) 712px, \" \/><div class=\"fusion-rollover\">\n\t<div class=\"fusion-rollover-content\">\n\n\t\t\t\t\n\t\t\n\t\t\t\t\t\t\t\t\t\t\t\t<h4 class=\"fusion-rollover-title\">\n\t\t\t\t\t<a class=\"fusion-rollover-title-link\" href=\"https:\/\/lavagedelamadeleine.com\/pt-br\/portrait-de-roberto-chaves-sans-lui-rien-naurait-ete-possible\/\">\n\t\t\t\t\t\tRetrato de Roberto Chaves, sem ele nada teria sido poss\u00edvel\t\t\t\t\t<\/a>\n\t\t\t\t<\/h4>\n\t\t\t\n\t\t\t\t\t\t\t\t\n\t\t\n\t\t\t\t\t\t<a class=\"fusion-link-wrapper\" href=\"https:\/\/lavagedelamadeleine.com\/pt-br\/portrait-de-roberto-chaves-sans-lui-rien-naurait-ete-possible\/\" aria-label=\"Retrato de Roberto Chaves, sem ele nada teria sido poss\u00edvel\"><\/a>\n\t<\/div>\n<\/div>\n<\/div>\n<\/li>\n\t\t\t\n\t\t\t\n\t\t\t\t\t\t\t\t\t\t\t\t\t\t\t\t\t\t\t\t\t\t\t\t\t\t\t\t\t\t\t\t\t\t\t\t\t\t\t\t\t\t\t\t\t\t\t\t\t\t\t\t\t\t\t\t\t\t\t\t\t\t\t\t\t\t\t\t<\/ul>\n\t<\/div>\n\t<div class=\"fusion-post-content-wrapper\" style=\"padding:30px 0 20px 0;\"><div class=\"fusion-post-content post-content\"><h2 class=\"blog-shortcode-post-title entry-title\"><a href=\"https:\/\/lavagedelamadeleine.com\/pt-br\/portrait-de-roberto-chaves-sans-lui-rien-naurait-ete-possible\/\">Retrato de Roberto Chaves, sem ele nada teria sido poss\u00edvel<\/a><\/h2><p class=\"fusion-single-line-meta\"><span class=\"vcard\" style=\"display: none;\"><span class=\"fn\"><a href=\"https:\/\/lavagedelamadeleine.com\/pt-br\/author\/emeline\/\" title=\"Posts de Emeline Carmoin\" rel=\"author\">Emeline Carmoin<\/a><\/span><\/span><span class=\"updated\" style=\"display:none;\">2026-01-06T17:23:41+01:00<\/span><span>6 de janeiro de 2026<\/span><span class=\"fusion-inline-sep\">|<\/span><\/p><div class=\"fusion-content-sep sep-none\"><\/div><div class=\"fusion-post-content-container\"><p>  Enquanto nos preparamos para celebrar a 25\u00aa edi\u00e7\u00e3o do Festival Cultural Brasileiro da Lavagem da Madalena, vamos relembrar Robertinho Chaves, presidente da associa\u00e7\u00e3o VIVA MADELEINE, sem o qual [...]<\/p><\/div><\/div><\/div><div class=\"fusion-clearfix\"><\/div><\/div>\n<\/article>\n<article id=\"blog-1-post-2317\" class=\"fusion-post-grid post-2317 post type-post status-publish format-standard has-post-thumbnail hentry category-actualite-pt-br\">\n<div class=\"fusion-post-wrapper\" style=\"background-color:rgba(255,255,255,1);border:1px solid rgba(205,183,136,0.49);border-bottom-width:3px;\">\n\n\t\t\t<div class=\"fusion-flexslider flexslider fusion-flexslider-loading fusion-post-slideshow\" style=\"border-color:rgba(205,183,136,0.49);\">\n\t\t<ul class=\"slides\">\n\t\t\t\n\t\t\t\t\t\t\t\t\t\t\t\t\t\t<li><div  class=\"fusion-image-wrapper\" aria-haspopup=\"true\">\n\t\t\t\t<img decoding=\"async\" width=\"1280\" height=\"960\" src=\"https:\/\/lavagedelamadeleine.com\/wp-content\/uploads\/2025\/06\/3ddf0018-7d37-4b80-8712-2c37f9069d25.jpg\" class=\"attachment-full size-full wp-post-image\" alt=\"\" srcset=\"https:\/\/lavagedelamadeleine.com\/wp-content\/uploads\/2025\/06\/3ddf0018-7d37-4b80-8712-2c37f9069d25-200x150.jpg 200w, https:\/\/lavagedelamadeleine.com\/wp-content\/uploads\/2025\/06\/3ddf0018-7d37-4b80-8712-2c37f9069d25-400x300.jpg 400w, https:\/\/lavagedelamadeleine.com\/wp-content\/uploads\/2025\/06\/3ddf0018-7d37-4b80-8712-2c37f9069d25-600x450.jpg 600w, https:\/\/lavagedelamadeleine.com\/wp-content\/uploads\/2025\/06\/3ddf0018-7d37-4b80-8712-2c37f9069d25-800x600.jpg 800w, https:\/\/lavagedelamadeleine.com\/wp-content\/uploads\/2025\/06\/3ddf0018-7d37-4b80-8712-2c37f9069d25-1200x900.jpg 1200w, https:\/\/lavagedelamadeleine.com\/wp-content\/uploads\/2025\/06\/3ddf0018-7d37-4b80-8712-2c37f9069d25.jpg 1280w\" sizes=\"(min-width: 2200px) 100vw, (min-width: 784px) 440px, (min-width: 712px) 660px, (min-width: 640px) 712px, \" \/><div class=\"fusion-rollover\">\n\t<div class=\"fusion-rollover-content\">\n\n\t\t\t\t\n\t\t\n\t\t\t\t\t\t\t\t\t\t\t\t<h4 class=\"fusion-rollover-title\">\n\t\t\t\t\t<a class=\"fusion-rollover-title-link\" href=\"https:\/\/lavagedelamadeleine.com\/pt-br\/um-reconhecimento-ao-mais-alto-nivel\/\">\n\t\t\t\t\t\tUm reconhecimento ao mais alto n\u00edvel\t\t\t\t\t<\/a>\n\t\t\t\t<\/h4>\n\t\t\t\n\t\t\t\t\t\t\t\t\n\t\t\n\t\t\t\t\t\t<a class=\"fusion-link-wrapper\" href=\"https:\/\/lavagedelamadeleine.com\/pt-br\/um-reconhecimento-ao-mais-alto-nivel\/\" aria-label=\"Um reconhecimento ao mais alto n\u00edvel\"><\/a>\n\t<\/div>\n<\/div>\n<\/div>\n<\/li>\n\t\t\t\n\t\t\t\n\t\t\t\t\t\t\t\t\t\t\t\t\t\t\t\t\t\t\t\t\t\t\t\t\t\t\t\t\t\t\t\t\t\t\t\t\t\t\t\t\t\t\t\t\t\t\t\t\t\t\t\t\t\t\t\t\t\t\t\t\t\t\t\t\t\t\t\t<\/ul>\n\t<\/div>\n\t<div class=\"fusion-post-content-wrapper\" style=\"padding:30px 0 20px 0;\"><div class=\"fusion-post-content post-content\"><h2 class=\"blog-shortcode-post-title entry-title\"><a href=\"https:\/\/lavagedelamadeleine.com\/pt-br\/um-reconhecimento-ao-mais-alto-nivel\/\">Um reconhecimento ao mais alto n\u00edvel<\/a><\/h2><p class=\"fusion-single-line-meta\"><span class=\"vcard\" style=\"display: none;\"><span class=\"fn\"><a href=\"https:\/\/lavagedelamadeleine.com\/pt-br\/author\/audrey\/\" title=\"Posts de Audrey\" rel=\"author\">Audrey<\/a><\/span><\/span><span class=\"updated\" style=\"display:none;\">2025-06-14T09:42:33+02:00<\/span><span>14 de junho de 2025<\/span><span class=\"fusion-inline-sep\">|<\/span><\/p><div class=\"fusion-content-sep sep-none\"><\/div><div class=\"fusion-post-content-container\"><p>Por ocasi\u00e3o da temporada cultural franco-brasileira e para celebrar os 200 anos de la\u00e7os entre nossas duas na\u00e7\u00f5es \ud83c\uddeb\ud83c\uddf7\ud83c\udde7\ud83c\uddf7, o Festival atingiu novos patamares na quinta-feira, 5 de junho de [...]<\/p><\/div><\/div><\/div><div class=\"fusion-clearfix\"><\/div><\/div>\n<\/article>\n<div class=\"fusion-clearfix\"><\/div><\/div><\/div><\/div><\/div><\/div><\/div><\/p>\n","protected":false},"excerpt":{"rendered":"","protected":false},"author":2,"featured_media":0,"parent":0,"menu_order":0,"comment_status":"closed","ping_status":"closed","template":"100-width.php","meta":{"inline_featured_image":false,"footnotes":""},"class_list":["post-849","page","type-page","status-publish","hentry"],"yoast_head":"<!-- This site is optimized with the Yoast SEO plugin v27.1 - https:\/\/yoast.com\/product\/yoast-seo-wordpress\/ -->\n<title>Not\u00edcia - Festival du lavage de la Madeleine<\/title>\n<meta name=\"robots\" content=\"index, follow, max-snippet:-1, max-image-preview:large, max-video-preview:-1\" \/>\n<link rel=\"canonical\" href=\"https:\/\/lavagedelamadeleine.com\/pt-br\/noticia\/\" \/>\n<meta property=\"og:locale\" content=\"pt_BR\" \/>\n<meta property=\"og:type\" content=\"article\" \/>\n<meta property=\"og:title\" content=\"Not\u00edcia - Festival du lavage de la Madeleine\" \/>\n<meta property=\"og:url\" content=\"https:\/\/lavagedelamadeleine.com\/pt-br\/noticia\/\" \/>\n<meta property=\"og:site_name\" content=\"Festival du lavage de la Madeleine\" \/>\n<meta property=\"article:publisher\" content=\"https:\/\/www.facebook.com\/LavageDeLaMadeleine\" \/>\n<meta property=\"article:modified_time\" content=\"2022-06-09T10:01:17+00:00\" \/>\n<meta name=\"twitter:card\" content=\"summary_large_image\" \/>\n<meta name=\"twitter:label1\" content=\"Est. tempo de leitura\" \/>\n\t<meta name=\"twitter:data1\" content=\"3 minutos\" \/>\n<script type=\"application\/ld+json\" class=\"yoast-schema-graph\">{\"@context\":\"https:\/\/schema.org\",\"@graph\":[{\"@type\":\"WebPage\",\"@id\":\"https:\/\/lavagedelamadeleine.com\/pt-br\/noticia\/\",\"url\":\"https:\/\/lavagedelamadeleine.com\/pt-br\/noticia\/\",\"name\":\"Not\u00edcia - Festival du lavage de la Madeleine\",\"isPartOf\":{\"@id\":\"https:\/\/lavagedelamadeleine.com\/pt-br\/#website\"},\"datePublished\":\"2020-05-12T12:59:35+00:00\",\"dateModified\":\"2022-06-09T10:01:17+00:00\",\"breadcrumb\":{\"@id\":\"https:\/\/lavagedelamadeleine.com\/pt-br\/noticia\/#breadcrumb\"},\"inLanguage\":\"pt-BR\",\"potentialAction\":[{\"@type\":\"ReadAction\",\"target\":[\"https:\/\/lavagedelamadeleine.com\/pt-br\/noticia\/\"]}]},{\"@type\":\"BreadcrumbList\",\"@id\":\"https:\/\/lavagedelamadeleine.com\/pt-br\/noticia\/#breadcrumb\",\"itemListElement\":[{\"@type\":\"ListItem\",\"position\":1,\"name\":\"Accueil\",\"item\":\"https:\/\/lavagedelamadeleine.com\/pt-br\/accueil\/\"},{\"@type\":\"ListItem\",\"position\":2,\"name\":\"Not\u00edcia\"}]},{\"@type\":\"WebSite\",\"@id\":\"https:\/\/lavagedelamadeleine.com\/pt-br\/#website\",\"url\":\"https:\/\/lavagedelamadeleine.com\/pt-br\/\",\"name\":\"Festival du lavage de la Madeleine\",\"description\":\"Un site utilisant WordPress\",\"publisher\":{\"@id\":\"https:\/\/lavagedelamadeleine.com\/pt-br\/#organization\"},\"potentialAction\":[{\"@type\":\"SearchAction\",\"target\":{\"@type\":\"EntryPoint\",\"urlTemplate\":\"https:\/\/lavagedelamadeleine.com\/pt-br\/?s={search_term_string}\"},\"query-input\":{\"@type\":\"PropertyValueSpecification\",\"valueRequired\":true,\"valueName\":\"search_term_string\"}}],\"inLanguage\":\"pt-BR\"},{\"@type\":\"Organization\",\"@id\":\"https:\/\/lavagedelamadeleine.com\/pt-br\/#organization\",\"name\":\"FESTIVAL DU LAVAGE DE LA MADELEINE\",\"url\":\"https:\/\/lavagedelamadeleine.com\/pt-br\/\",\"logo\":{\"@type\":\"ImageObject\",\"inLanguage\":\"pt-BR\",\"@id\":\"https:\/\/lavagedelamadeleine.com\/pt-br\/#\/schema\/logo\/image\/\",\"url\":\"https:\/\/lavagedelamadeleine.com\/wp-content\/uploads\/2022\/06\/logo-festival-madeleine.jpg\",\"contentUrl\":\"https:\/\/lavagedelamadeleine.com\/wp-content\/uploads\/2022\/06\/logo-festival-madeleine.jpg\",\"width\":400,\"height\":300,\"caption\":\"FESTIVAL DU LAVAGE DE LA MADELEINE\"},\"image\":{\"@id\":\"https:\/\/lavagedelamadeleine.com\/pt-br\/#\/schema\/logo\/image\/\"},\"sameAs\":[\"https:\/\/www.facebook.com\/LavageDeLaMadeleine\",\"https:\/\/www.instagram.com\/lavagedelamadeleine\/\"]}]}<\/script>\n<!-- \/ Yoast SEO plugin. -->","yoast_head_json":{"title":"Not\u00edcia - Festival du lavage de la Madeleine","robots":{"index":"index","follow":"follow","max-snippet":"max-snippet:-1","max-image-preview":"max-image-preview:large","max-video-preview":"max-video-preview:-1"},"canonical":"https:\/\/lavagedelamadeleine.com\/pt-br\/noticia\/","og_locale":"pt_BR","og_type":"article","og_title":"Not\u00edcia - Festival du lavage de la Madeleine","og_url":"https:\/\/lavagedelamadeleine.com\/pt-br\/noticia\/","og_site_name":"Festival du lavage de la Madeleine","article_publisher":"https:\/\/www.facebook.com\/LavageDeLaMadeleine","article_modified_time":"2022-06-09T10:01:17+00:00","twitter_card":"summary_large_image","twitter_misc":{"Est. tempo de leitura":"3 minutos"},"schema":{"@context":"https:\/\/schema.org","@graph":[{"@type":"WebPage","@id":"https:\/\/lavagedelamadeleine.com\/pt-br\/noticia\/","url":"https:\/\/lavagedelamadeleine.com\/pt-br\/noticia\/","name":"Not\u00edcia - Festival du lavage de la Madeleine","isPartOf":{"@id":"https:\/\/lavagedelamadeleine.com\/pt-br\/#website"},"datePublished":"2020-05-12T12:59:35+00:00","dateModified":"2022-06-09T10:01:17+00:00","breadcrumb":{"@id":"https:\/\/lavagedelamadeleine.com\/pt-br\/noticia\/#breadcrumb"},"inLanguage":"pt-BR","potentialAction":[{"@type":"ReadAction","target":["https:\/\/lavagedelamadeleine.com\/pt-br\/noticia\/"]}]},{"@type":"BreadcrumbList","@id":"https:\/\/lavagedelamadeleine.com\/pt-br\/noticia\/#breadcrumb","itemListElement":[{"@type":"ListItem","position":1,"name":"Accueil","item":"https:\/\/lavagedelamadeleine.com\/pt-br\/accueil\/"},{"@type":"ListItem","position":2,"name":"Not\u00edcia"}]},{"@type":"WebSite","@id":"https:\/\/lavagedelamadeleine.com\/pt-br\/#website","url":"https:\/\/lavagedelamadeleine.com\/pt-br\/","name":"Festival du lavage de la Madeleine","description":"Un site utilisant WordPress","publisher":{"@id":"https:\/\/lavagedelamadeleine.com\/pt-br\/#organization"},"potentialAction":[{"@type":"SearchAction","target":{"@type":"EntryPoint","urlTemplate":"https:\/\/lavagedelamadeleine.com\/pt-br\/?s={search_term_string}"},"query-input":{"@type":"PropertyValueSpecification","valueRequired":true,"valueName":"search_term_string"}}],"inLanguage":"pt-BR"},{"@type":"Organization","@id":"https:\/\/lavagedelamadeleine.com\/pt-br\/#organization","name":"FESTIVAL DU LAVAGE DE LA MADELEINE","url":"https:\/\/lavagedelamadeleine.com\/pt-br\/","logo":{"@type":"ImageObject","inLanguage":"pt-BR","@id":"https:\/\/lavagedelamadeleine.com\/pt-br\/#\/schema\/logo\/image\/","url":"https:\/\/lavagedelamadeleine.com\/wp-content\/uploads\/2022\/06\/logo-festival-madeleine.jpg","contentUrl":"https:\/\/lavagedelamadeleine.com\/wp-content\/uploads\/2022\/06\/logo-festival-madeleine.jpg","width":400,"height":300,"caption":"FESTIVAL DU LAVAGE DE LA MADELEINE"},"image":{"@id":"https:\/\/lavagedelamadeleine.com\/pt-br\/#\/schema\/logo\/image\/"},"sameAs":["https:\/\/www.facebook.com\/LavageDeLaMadeleine","https:\/\/www.instagram.com\/lavagedelamadeleine\/"]}]}},"_links":{"self":[{"href":"https:\/\/lavagedelamadeleine.com\/pt-br\/wp-json\/wp\/v2\/pages\/849","targetHints":{"allow":["GET"]}}],"collection":[{"href":"https:\/\/lavagedelamadeleine.com\/pt-br\/wp-json\/wp\/v2\/pages"}],"about":[{"href":"https:\/\/lavagedelamadeleine.com\/pt-br\/wp-json\/wp\/v2\/types\/page"}],"author":[{"embeddable":true,"href":"https:\/\/lavagedelamadeleine.com\/pt-br\/wp-json\/wp\/v2\/users\/2"}],"replies":[{"embeddable":true,"href":"https:\/\/lavagedelamadeleine.com\/pt-br\/wp-json\/wp\/v2\/comments?post=849"}],"version-history":[{"count":0,"href":"https:\/\/lavagedelamadeleine.com\/pt-br\/wp-json\/wp\/v2\/pages\/849\/revisions"}],"wp:attachment":[{"href":"https:\/\/lavagedelamadeleine.com\/pt-br\/wp-json\/wp\/v2\/media?parent=849"}],"curies":[{"name":"wp","href":"https:\/\/api.w.org\/{rel}","templated":true}]}}